{"id":78,"date":"2022-08-10T16:20:05","date_gmt":"2022-08-10T14:20:05","guid":{"rendered":"https:\/\/www.wamis.org\/wamis\/?page_id=78"},"modified":"2022-08-10T16:20:05","modified_gmt":"2022-08-10T14:20:05","slug":"acmad","status":"publish","type":"page","link":"https:\/\/wamis.org\/wamis\/acmad\/","title":{"rendered":"ACMAD"},"content":{"rendered":"<p><strong>African Centre of Meteorological Applications for Development<\/strong><br \/>\n<strong>Centre Africain pour les Applications de la M\u00e9t\u00e9orologie au D\u00e9veloppement<\/strong><\/p>\n<p><strong>Ten Day Climate Bulletin &#8211; Bulletin Climatique D\u00e9cadaire<\/strong><br \/>\n<strong>Climate Watch Bulletin Africa &#8211; Bulletin de Veille Climatique pour l&#8217;Afrique<\/strong><br \/>\n<a href=\"http:\/\/www.acmad.net\/new\/?q=en\/pages\/archives\" target=\"_blank\" rel=\"noopener\">ACMAD Bulletin Archives &#8211; English<\/a>\u00a0\u00a6\u00a0<a href=\"http:\/\/www.acmad.net\/new\/?q=fr\/pages\/archives&amp;type=1\" target=\"_blank\" rel=\"noopener\">ACMAD Bulletin Archives &#8211; French<\/a><\/p>\n<p>The\u00a0<a href=\"http:\/\/www.acmad.net\/new\/\" target=\"_blank\" rel=\"noopener\"><b>African Centre of Meteorological Applications for Development (ACMAD)<\/b><\/a>\u00a0produces a\u00a0<b>10 day Climate Bulletin<\/b>\u00a0which provides a 10 day summary of the synoptic situation (ITD), rainfall and temperature, maps (mean ITD position and cumulative rainfall), observed data and an 10-day outlook. It also produces the monthly\u00a0<b>Climate Watch Africa Bulletin<\/b>\u00a0that provides a summary of the synoptic situation, sea surface temperatures, climate situation, and seasonal outlooks. The\u00a0<a href=\"http:\/\/www.acmad.net\/new\/?q=en\/pages\/archives\" target=\"_blank\" rel=\"noopener\">ACMAD archive web page<\/a>\u00a0also provides daily weather buletins for the West and Southern Africa and seasonal outlook bulletins.<br \/>\nLe\u00a0<a href=\"http:\/\/www.acmad.net\/new\/?q=fr\" target=\"_blank\" rel=\"noopener\"><b>Centre Africain pour les Applications de la M\u00e9t\u00e9orologie au D\u00e9veloppement (ACMAD)<\/b><\/a>\u00a0produit le\u00a0<b>Bulletin Climatique D\u00e9cadaire<\/b>\u00a0qui fournit un r\u00e9sum\u00e9 de 10 jours de la situation synoptique (FIT), des pr\u00e9cipitations et la temp\u00e9rature, des cartes (position moyenne du FIT et cumul pluviometrique), des donn\u00e9es observ\u00e9es et des perspectives de dix jours. Il produit \u00e9galement le\u00a0<b>Bulletin de Veille Climatique Pour L&#8217;Afrique<\/b>\u00a0mensuel qui fournit un r\u00e9sum\u00e9 de la situation synoptique, des temp\u00e9ratures de surface de mer, de la situation de climat, et des perspectives saisonni\u00e8res. L&#8217;<a href=\"http:\/\/www.acmad.net\/new\/?q=fr\/pages\/archives&amp;type=1\" target=\"_blank\" rel=\"noopener\">ACMAD page Web d&#8217;archives\u00a0<\/a>fournit \u00e9galement les buletins quotidiens de Afrique de l&#8217;Ouest et Afrique de australe et la pr\u00e9vision saisonni\u00e8re.<\/p>\n","protected":false},"excerpt":{"rendered":"<p>African Centre of Meteorological Applications for Development Centre Africain pour les Applications de la M\u00e9t\u00e9orologie au D\u00e9veloppement Ten Day Climate Bulletin &#8211; Bulletin Climatique D\u00e9cadaire Climate Watch Bulletin Africa &#8211; Bulletin de Veille Climatique pour l&#8217;Afrique ACMAD Bulletin Archives &#8211; English\u00a0\u00a6\u00a0ACMAD Bulletin Archives &#8211; French The\u00a0African Centre of Meteorological Applications for Development (ACMAD)\u00a0produces a\u00a010 day [&hellip;]<\/p>\n","protected":false},"author":1,"featured_media":0,"parent":0,"menu_order":0,"comment_status":"closed","ping_status":"closed","template":"","meta":{"_acf_changed":false,"footnotes":""},"class_list":["post-78","page","type-page","status-publish","hentry"],"acf":[],"yoast_head":"<!-- This site is optimized with the Yoast SEO plugin v23.3 - https:\/\/yoast.com\/wordpress\/plugins\/seo\/ -->\n<title>ACMAD - Wamis<\/title>\n<meta name=\"robots\" content=\"index, follow, max-snippet:-1, max-image-preview:large, max-video-preview:-1\" \/>\n<link rel=\"canonical\" href=\"https:\/\/www.wamis.org\/acmad\/\" \/>\n<meta property=\"og:locale\" content=\"en_US\" \/>\n<meta property=\"og:type\" content=\"article\" \/>\n<meta property=\"og:title\" content=\"ACMAD - Wamis\" \/>\n<meta property=\"og:description\" content=\"African Centre of Meteorological Applications for Development Centre Africain pour les Applications de la M\u00e9t\u00e9orologie au D\u00e9veloppement Ten Day Climate Bulletin &#8211; Bulletin Climatique D\u00e9cadaire Climate Watch Bulletin Africa &#8211; Bulletin de Veille Climatique pour l&#8217;Afrique ACMAD Bulletin Archives &#8211; English\u00a0\u00a6\u00a0ACMAD Bulletin Archives &#8211; French The\u00a0African Centre of Meteorological Applications for Development (ACMAD)\u00a0produces a\u00a010 day [&hellip;]\" \/>\n<meta property=\"og:url\" content=\"https:\/\/www.wamis.org\/acmad\/\" \/>\n<meta property=\"og:site_name\" content=\"Wamis\" \/>\n<meta name=\"twitter:card\" content=\"summary_large_image\" \/>\n<meta name=\"twitter:label1\" content=\"Est. reading time\" \/>\n\t<meta name=\"twitter:data1\" content=\"2 minutes\" \/>\n<script type=\"application\/ld+json\" class=\"yoast-schema-graph\">{\"@context\":\"https:\/\/schema.org\",\"@graph\":[{\"@type\":\"WebPage\",\"@id\":\"https:\/\/www.wamis.org\/acmad\/\",\"url\":\"https:\/\/www.wamis.org\/acmad\/\",\"name\":\"ACMAD - Wamis\",\"isPartOf\":{\"@id\":\"https:\/\/www.wamis.org\/#website\"},\"datePublished\":\"2022-08-10T14:20:05+00:00\",\"dateModified\":\"2022-08-10T14:20:05+00:00\",\"inLanguage\":\"en-US\",\"potentialAction\":[{\"@type\":\"ReadAction\",\"target\":[\"https:\/\/www.wamis.org\/acmad\/\"]}]},{\"@type\":\"WebSite\",\"@id\":\"https:\/\/www.wamis.org\/#website\",\"url\":\"https:\/\/www.wamis.org\/\",\"name\":\"Wamis\",\"description\":\"World AgroMeteorological Information Service\",\"publisher\":{\"@id\":\"https:\/\/www.wamis.org\/#organization\"},\"potentialAction\":[{\"@type\":\"SearchAction\",\"target\":{\"@type\":\"EntryPoint\",\"urlTemplate\":\"https:\/\/www.wamis.org\/?s={search_term_string}\"},\"query-input\":\"required name=search_term_string\"}],\"inLanguage\":\"en-US\"},{\"@type\":\"Organization\",\"@id\":\"https:\/\/www.wamis.org\/#organization\",\"name\":\"Wamis\",\"url\":\"https:\/\/www.wamis.org\/\",\"logo\":{\"@type\":\"ImageObject\",\"inLanguage\":\"en-US\",\"@id\":\"https:\/\/www.wamis.org\/#\/schema\/logo\/image\/\",\"url\":\"https:\/\/wamis.org\/wamis\/wp-content\/uploads\/2022\/08\/wamis_logo.gif\",\"contentUrl\":\"https:\/\/wamis.org\/wamis\/wp-content\/uploads\/2022\/08\/wamis_logo.gif\",\"width\":100,\"height\":100,\"caption\":\"Wamis\"},\"image\":{\"@id\":\"https:\/\/www.wamis.org\/#\/schema\/logo\/image\/\"}}]}<\/script>\n<!-- \/ Yoast SEO plugin. -->","yoast_head_json":{"title":"ACMAD - Wamis","robots":{"index":"index","follow":"follow","max-snippet":"max-snippet:-1","max-image-preview":"max-image-preview:large","max-video-preview":"max-video-preview:-1"},"canonical":"https:\/\/www.wamis.org\/acmad\/","og_locale":"en_US","og_type":"article","og_title":"ACMAD - Wamis","og_description":"African Centre of Meteorological Applications for Development Centre Africain pour les Applications de la M\u00e9t\u00e9orologie au D\u00e9veloppement Ten Day Climate Bulletin &#8211; Bulletin Climatique D\u00e9cadaire Climate Watch Bulletin Africa &#8211; Bulletin de Veille Climatique pour l&#8217;Afrique ACMAD Bulletin Archives &#8211; English\u00a0\u00a6\u00a0ACMAD Bulletin Archives &#8211; French The\u00a0African Centre of Meteorological Applications for Development (ACMAD)\u00a0produces a\u00a010 day [&hellip;]","og_url":"https:\/\/www.wamis.org\/acmad\/","og_site_name":"Wamis","twitter_card":"summary_large_image","twitter_misc":{"Est. reading time":"2 minutes"},"schema":{"@context":"https:\/\/schema.org","@graph":[{"@type":"WebPage","@id":"https:\/\/www.wamis.org\/acmad\/","url":"https:\/\/www.wamis.org\/acmad\/","name":"ACMAD - Wamis","isPartOf":{"@id":"https:\/\/www.wamis.org\/#website"},"datePublished":"2022-08-10T14:20:05+00:00","dateModified":"2022-08-10T14:20:05+00:00","inLanguage":"en-US","potentialAction":[{"@type":"ReadAction","target":["https:\/\/www.wamis.org\/acmad\/"]}]},{"@type":"WebSite","@id":"https:\/\/www.wamis.org\/#website","url":"https:\/\/www.wamis.org\/","name":"Wamis","description":"World AgroMeteorological Information Service","publisher":{"@id":"https:\/\/www.wamis.org\/#organization"},"potentialAction":[{"@type":"SearchAction","target":{"@type":"EntryPoint","urlTemplate":"https:\/\/www.wamis.org\/?s={search_term_string}"},"query-input":"required name=search_term_string"}],"inLanguage":"en-US"},{"@type":"Organization","@id":"https:\/\/www.wamis.org\/#organization","name":"Wamis","url":"https:\/\/www.wamis.org\/","logo":{"@type":"ImageObject","inLanguage":"en-US","@id":"https:\/\/www.wamis.org\/#\/schema\/logo\/image\/","url":"https:\/\/wamis.org\/wamis\/wp-content\/uploads\/2022\/08\/wamis_logo.gif","contentUrl":"https:\/\/wamis.org\/wamis\/wp-content\/uploads\/2022\/08\/wamis_logo.gif","width":100,"height":100,"caption":"Wamis"},"image":{"@id":"https:\/\/www.wamis.org\/#\/schema\/logo\/image\/"}}]}},"_links":{"self":[{"href":"https:\/\/wamis.org\/wamis\/wp-json\/wp\/v2\/pages\/78","targetHints":{"allow":["GET"]}}],"collection":[{"href":"https:\/\/wamis.org\/wamis\/wp-json\/wp\/v2\/pages"}],"about":[{"href":"https:\/\/wamis.org\/wamis\/wp-json\/wp\/v2\/types\/page"}],"author":[{"embeddable":true,"href":"https:\/\/wamis.org\/wamis\/wp-json\/wp\/v2\/users\/1"}],"replies":[{"embeddable":true,"href":"https:\/\/wamis.org\/wamis\/wp-json\/wp\/v2\/comments?post=78"}],"version-history":[{"count":1,"href":"https:\/\/wamis.org\/wamis\/wp-json\/wp\/v2\/pages\/78\/revisions"}],"predecessor-version":[{"id":79,"href":"https:\/\/wamis.org\/wamis\/wp-json\/wp\/v2\/pages\/78\/revisions\/79"}],"wp:attachment":[{"href":"https:\/\/wamis.org\/wamis\/wp-json\/wp\/v2\/media?parent=78"}],"curies":[{"name":"wp","href":"https:\/\/api.w.org\/{rel}","templated":true}]}}