{"id":483,"date":"2023-03-13T15:24:52","date_gmt":"2023-03-13T13:24:52","guid":{"rendered":"https:\/\/www.wamis.org\/wamis\/?page_id=483"},"modified":"2023-06-07T16:27:50","modified_gmt":"2023-06-07T14:27:50","slug":"colombia","status":"publish","type":"page","link":"https:\/\/wamis.org\/wamis\/colombia\/","title":{"rendered":"Colombia"},"content":{"rendered":"<p><strong>Various Agrometeorological Products<\/strong><\/p>\n<p><b><a href=\"http:\/\/www.ideam.gov.co\/\" target=\"_blank\" rel=\"noopener\">IDEAM Agricultural Meteorology Web Page (in Spanish only)<\/a><\/b><\/p>\n<p>The\u00a0<a href=\"http:\/\/www.ideam.gov.co\/\" target=\"_blank\" rel=\"noopener\"><strong>Institute of Hydrology, Meteorology, and Environmental Studies of Colombia (Instituto de Hidrolog\u00eda, Meteorolog\u00eda, y Estudios Ambientales &#8211; IDEAM)<\/strong><\/a>\u00a0provides many agrometeorological and agroclimatic products. A selection of these products are linked below. Other products include a 7-day rainfall forecast for various crop zones, average water balance information for selected locations, and technical notes on freezes and droughts.<\/p>\n<p><strong>Selected products (In Spanish only):<\/strong><\/p>\n<ul>\n<li><strong><a href=\"http:\/\/www.pronosticosyalertas.gov.co\/web\/tiempo-y-clima\/boletin-semanal-de-seguimiento-y-pronostico\" target=\"_blank\" rel=\"noopener\">Weekly Agrometorological Bulletins<\/a><\/strong>\u00a0(Bolet\u00edn Agrometeorol\u00f3gico)<\/li>\n<li><strong><a href=\"http:\/\/www.pronosticosyalertas.gov.co\/web\/tiempo-y-clima\/boletin-semanal-de-seguimiento-y-pronostico\" target=\"_blank\" rel=\"noopener\">Monthly Agrometorological Bulletin for the Cundiboyacnese Altiplano<\/a><\/strong>\u00a0(Bolet\u00edn Agrometeorol\u00f3gico mensual del Altiplano Cundiboyacense)<\/li>\n<li><strong><a href=\"http:\/\/www.ideam.gov.co\/web\/tiempo-y-clima\/mapas-decadales-de-disponibilidad-hidrica-mes-actual\" target=\"_blank\" rel=\"noopener\">Monthly Drought Index for Selected Stations<\/a><\/strong>\u00a0(\u00cdndice de Sequ\u00eda mensual)<\/li>\n<li><strong><a href=\"http:\/\/www.ideam.gov.co\/web\/tiempo-y-clima\/mapas-de-indice-de-sequia-para-periodos-de-1-3-6-y-12-meses\" target=\"_blank\" rel=\"noopener\">Maps of Drought Index for 1, 3, 6, and 12 months<\/a><\/strong>\u00a0(Mapas de \u00edndice de sequ\u00eda para per\u00edodos de 1, 3, 6 y 12 meses)<\/li>\n<li><strong><a href=\"http:\/\/www.ideam.gov.co\/web\/tiempo-y-clima\/graficos-de-comportamiento-del-indice-de-disponibilidad-hidrica\" target=\"_blank\" rel=\"noopener\">Graphs of Water Availability Index in various crop zones<\/a><\/strong>\u00a0(Graficos de comportamiento de la humedad en zonas de cultivo)<\/li>\n<\/ul>\n","protected":false},"excerpt":{"rendered":"<p>Various Agrometeorological Products IDEAM Agricultural Meteorology Web Page (in Spanish only) The\u00a0Institute of Hydrology, Meteorology, and Environmental Studies of Colombia (Instituto de Hidrolog\u00eda, Meteorolog\u00eda, y Estudios Ambientales &#8211; IDEAM)\u00a0provides many agrometeorological and agroclimatic products. A selection of these products are linked below. Other products include a 7-day rainfall forecast for various crop zones, average water [&hellip;]<\/p>\n","protected":false},"author":1,"featured_media":0,"parent":0,"menu_order":0,"comment_status":"closed","ping_status":"closed","template":"","meta":{"_acf_changed":false,"footnotes":""},"class_list":["post-483","page","type-page","status-publish","hentry"],"acf":[],"yoast_head":"<!-- This site is optimized with the Yoast SEO plugin v23.3 - https:\/\/yoast.com\/wordpress\/plugins\/seo\/ -->\n<title>Colombia - Wamis<\/title>\n<meta name=\"robots\" content=\"index, follow, max-snippet:-1, max-image-preview:large, max-video-preview:-1\" \/>\n<link rel=\"canonical\" href=\"https:\/\/wamis.org\/wamis\/colombia\/\" \/>\n<meta property=\"og:locale\" content=\"en_US\" \/>\n<meta property=\"og:type\" content=\"article\" \/>\n<meta property=\"og:title\" content=\"Colombia - Wamis\" \/>\n<meta property=\"og:description\" content=\"Various Agrometeorological Products IDEAM Agricultural Meteorology Web Page (in Spanish only) The\u00a0Institute of Hydrology, Meteorology, and Environmental Studies of Colombia (Instituto de Hidrolog\u00eda, Meteorolog\u00eda, y Estudios Ambientales &#8211; IDEAM)\u00a0provides many agrometeorological and agroclimatic products. A selection of these products are linked below. Other products include a 7-day rainfall forecast for various crop zones, average water [&hellip;]\" \/>\n<meta property=\"og:url\" content=\"https:\/\/wamis.org\/wamis\/colombia\/\" \/>\n<meta property=\"og:site_name\" content=\"Wamis\" \/>\n<meta property=\"article:modified_time\" content=\"2023-06-07T14:27:50+00:00\" \/>\n<meta name=\"twitter:card\" content=\"summary_large_image\" \/>\n<meta name=\"twitter:label1\" content=\"Est. reading time\" \/>\n\t<meta name=\"twitter:data1\" content=\"1 minute\" \/>\n<script type=\"application\/ld+json\" class=\"yoast-schema-graph\">{\"@context\":\"https:\/\/schema.org\",\"@graph\":[{\"@type\":\"WebPage\",\"@id\":\"https:\/\/wamis.org\/wamis\/colombia\/\",\"url\":\"https:\/\/wamis.org\/wamis\/colombia\/\",\"name\":\"Colombia - Wamis\",\"isPartOf\":{\"@id\":\"https:\/\/www.wamis.org\/#website\"},\"datePublished\":\"2023-03-13T13:24:52+00:00\",\"dateModified\":\"2023-06-07T14:27:50+00:00\",\"inLanguage\":\"en-US\",\"potentialAction\":[{\"@type\":\"ReadAction\",\"target\":[\"https:\/\/wamis.org\/wamis\/colombia\/\"]}]},{\"@type\":\"WebSite\",\"@id\":\"https:\/\/www.wamis.org\/#website\",\"url\":\"https:\/\/www.wamis.org\/\",\"name\":\"Wamis\",\"description\":\"World AgroMeteorological Information Service\",\"publisher\":{\"@id\":\"https:\/\/www.wamis.org\/#organization\"},\"potentialAction\":[{\"@type\":\"SearchAction\",\"target\":{\"@type\":\"EntryPoint\",\"urlTemplate\":\"https:\/\/www.wamis.org\/?s={search_term_string}\"},\"query-input\":\"required name=search_term_string\"}],\"inLanguage\":\"en-US\"},{\"@type\":\"Organization\",\"@id\":\"https:\/\/www.wamis.org\/#organization\",\"name\":\"Wamis\",\"url\":\"https:\/\/www.wamis.org\/\",\"logo\":{\"@type\":\"ImageObject\",\"inLanguage\":\"en-US\",\"@id\":\"https:\/\/www.wamis.org\/#\/schema\/logo\/image\/\",\"url\":\"https:\/\/wamis.org\/wamis\/wp-content\/uploads\/2022\/08\/wamis_logo.gif\",\"contentUrl\":\"https:\/\/wamis.org\/wamis\/wp-content\/uploads\/2022\/08\/wamis_logo.gif\",\"width\":100,\"height\":100,\"caption\":\"Wamis\"},\"image\":{\"@id\":\"https:\/\/www.wamis.org\/#\/schema\/logo\/image\/\"}}]}<\/script>\n<!-- \/ Yoast SEO plugin. -->","yoast_head_json":{"title":"Colombia - Wamis","robots":{"index":"index","follow":"follow","max-snippet":"max-snippet:-1","max-image-preview":"max-image-preview:large","max-video-preview":"max-video-preview:-1"},"canonical":"https:\/\/wamis.org\/wamis\/colombia\/","og_locale":"en_US","og_type":"article","og_title":"Colombia - Wamis","og_description":"Various Agrometeorological Products IDEAM Agricultural Meteorology Web Page (in Spanish only) The\u00a0Institute of Hydrology, Meteorology, and Environmental Studies of Colombia (Instituto de Hidrolog\u00eda, Meteorolog\u00eda, y Estudios Ambientales &#8211; IDEAM)\u00a0provides many agrometeorological and agroclimatic products. A selection of these products are linked below. Other products include a 7-day rainfall forecast for various crop zones, average water [&hellip;]","og_url":"https:\/\/wamis.org\/wamis\/colombia\/","og_site_name":"Wamis","article_modified_time":"2023-06-07T14:27:50+00:00","twitter_card":"summary_large_image","twitter_misc":{"Est. reading time":"1 minute"},"schema":{"@context":"https:\/\/schema.org","@graph":[{"@type":"WebPage","@id":"https:\/\/wamis.org\/wamis\/colombia\/","url":"https:\/\/wamis.org\/wamis\/colombia\/","name":"Colombia - Wamis","isPartOf":{"@id":"https:\/\/www.wamis.org\/#website"},"datePublished":"2023-03-13T13:24:52+00:00","dateModified":"2023-06-07T14:27:50+00:00","inLanguage":"en-US","potentialAction":[{"@type":"ReadAction","target":["https:\/\/wamis.org\/wamis\/colombia\/"]}]},{"@type":"WebSite","@id":"https:\/\/www.wamis.org\/#website","url":"https:\/\/www.wamis.org\/","name":"Wamis","description":"World AgroMeteorological Information Service","publisher":{"@id":"https:\/\/www.wamis.org\/#organization"},"potentialAction":[{"@type":"SearchAction","target":{"@type":"EntryPoint","urlTemplate":"https:\/\/www.wamis.org\/?s={search_term_string}"},"query-input":"required name=search_term_string"}],"inLanguage":"en-US"},{"@type":"Organization","@id":"https:\/\/www.wamis.org\/#organization","name":"Wamis","url":"https:\/\/www.wamis.org\/","logo":{"@type":"ImageObject","inLanguage":"en-US","@id":"https:\/\/www.wamis.org\/#\/schema\/logo\/image\/","url":"https:\/\/wamis.org\/wamis\/wp-content\/uploads\/2022\/08\/wamis_logo.gif","contentUrl":"https:\/\/wamis.org\/wamis\/wp-content\/uploads\/2022\/08\/wamis_logo.gif","width":100,"height":100,"caption":"Wamis"},"image":{"@id":"https:\/\/www.wamis.org\/#\/schema\/logo\/image\/"}}]}},"_links":{"self":[{"href":"https:\/\/wamis.org\/wamis\/wp-json\/wp\/v2\/pages\/483","targetHints":{"allow":["GET"]}}],"collection":[{"href":"https:\/\/wamis.org\/wamis\/wp-json\/wp\/v2\/pages"}],"about":[{"href":"https:\/\/wamis.org\/wamis\/wp-json\/wp\/v2\/types\/page"}],"author":[{"embeddable":true,"href":"https:\/\/wamis.org\/wamis\/wp-json\/wp\/v2\/users\/1"}],"replies":[{"embeddable":true,"href":"https:\/\/wamis.org\/wamis\/wp-json\/wp\/v2\/comments?post=483"}],"version-history":[{"count":4,"href":"https:\/\/wamis.org\/wamis\/wp-json\/wp\/v2\/pages\/483\/revisions"}],"predecessor-version":[{"id":13032,"href":"https:\/\/wamis.org\/wamis\/wp-json\/wp\/v2\/pages\/483\/revisions\/13032"}],"wp:attachment":[{"href":"https:\/\/wamis.org\/wamis\/wp-json\/wp\/v2\/media?parent=483"}],"curies":[{"name":"wp","href":"https:\/\/api.w.org\/{rel}","templated":true}]}}