{"id":463,"date":"2023-03-13T14:05:07","date_gmt":"2023-03-13T12:05:07","guid":{"rendered":"https:\/\/www.wamis.org\/wamis\/?page_id=463"},"modified":"2023-07-06T15:47:36","modified_gmt":"2023-07-06T13:47:36","slug":"chile","status":"publish","type":"page","link":"https:\/\/wamis.org\/wamis\/chile\/","title":{"rendered":"Chile"},"content":{"rendered":"\t\t<div data-elementor-type=\"wp-page\" data-elementor-id=\"463\" class=\"elementor elementor-463\" data-elementor-post-type=\"page\">\n\t\t\t\t\t\t<section class=\"elementor-section elementor-top-section elementor-element elementor-element-409a21fd elementor-section-boxed elementor-section-height-default elementor-section-height-default\" data-id=\"409a21fd\" data-element_type=\"section\">\n\t\t\t\t\t\t<div class=\"elementor-container elementor-column-gap-default\">\n\t\t\t\t\t<div class=\"elementor-column elementor-col-100 elementor-top-column elementor-element elementor-element-4583dad0\" data-id=\"4583dad0\" data-element_type=\"column\">\n\t\t\t<div class=\"elementor-widget-wrap elementor-element-populated\">\n\t\t\t\t\t\t<div class=\"elementor-element elementor-element-5f5a31a elementor-widget elementor-widget-text-editor\" data-id=\"5f5a31a\" data-element_type=\"widget\" data-widget_type=\"text-editor.default\">\n\t\t\t\t<div class=\"elementor-widget-container\">\n\t\t\t<style>\/*! elementor - v3.23.0 - 05-08-2024 *\/\n.elementor-widget-text-editor.elementor-drop-cap-view-stacked .elementor-drop-cap{background-color:#69727d;color:#fff}.elementor-widget-text-editor.elementor-drop-cap-view-framed .elementor-drop-cap{color:#69727d;border:3px solid;background-color:transparent}.elementor-widget-text-editor:not(.elementor-drop-cap-view-default) .elementor-drop-cap{margin-top:8px}.elementor-widget-text-editor:not(.elementor-drop-cap-view-default) .elementor-drop-cap-letter{width:1em;height:1em}.elementor-widget-text-editor .elementor-drop-cap{float:left;text-align:center;line-height:1;font-size:50px}.elementor-widget-text-editor .elementor-drop-cap-letter{display:inline-block}<\/style>\t\t\t\t<p><strong>The following products or bulletins are provided by institutions or organizations in Chile<\/strong><\/p><ul><li>The\u00a0Chilean Meteorological Service (Direcci\u00f3n Meteorol\u00f3gica de Chile)\u00a0produces weekly bulletins, forecasts, temperature maps, and seasonal agrometeorological outlooks.<\/li><li>The\u00a0Agroclimatic System FDF-INIA-DMC (Sistema Agroclim\u00e1tico FDF-INIA-DMC)\u00a0offers agro-climatic, current, and cumulative weather conditions for its individual stations throughout the country. This website also provides a regional summary information that allows to evaluate certain conditions for crop management and potential risks, according to the requirements of Good Agricultural Practice (GAP) and Integrated Pest Management (IPM).<\/li><li>The Agro-meteorological Manual includes agro-meteorological information generated by the Chilean Meteorological Service, through reports, bulletins and yearbooks, as well as access to data and dissemination of information.<\/li><\/ul><p><strong>Weekly Agromet Forecast<\/strong><\/p><p><b><a href=\"http:\/\/www.meteochile.cl\/PortalDMC-web\/index.xhtml\" target=\"_blank\" rel=\"noopener\">Chilean Agrometeorological Service web site<\/a><\/b><\/p><p>The<strong>\u00a0<a href=\"http:\/\/www.meteochile.cl\/\" target=\"_blank\" rel=\"noopener\">Chilean Meteorological Service (Direcci\u00f3n Meteorol\u00f3gica de Chile)<\/a>\u00a0<\/strong>provides the following products on their\u00a0agrometeorological web page:<\/p><p><strong>These products include (In Spanish only):<\/strong><\/p><ul><li><strong><a href=\"http:\/\/www.meteochile.cl\/PortalDMC-web\/index.xhtml\" target=\"_blank\" rel=\"noopener\">Weekly Agrometeorological Bulletin<\/a><\/strong>\u00a0(Bolet\u00edn Semanal)<\/li><li><strong><a href=\"http:\/\/www.meteochile.cl\/PortalDMC-web\/index.xhtml\" target=\"_blank\" rel=\"noopener\">Weekly Agrometeorological Perspective<\/a><\/strong>\u00a0(Perspectiva Agrometeorol\u00f3gica)<\/li><li><strong><a href=\"http:\/\/www.meteochile.cl\/PortalDMC-web\/index.xhtml\" target=\"_blank\" rel=\"noopener\">Agrometeorological Forecast for the metropolitan region<\/a><\/strong>\u00a0(Pron\u00f3stico Agrometeorol\u00f3gico para la Regi\u00f3n Metropolitana)<\/li><li><strong><a href=\"http:\/\/www.meteochile.cl\/PortalDMC-web\/index.xhtml\" target=\"_blank\" rel=\"noopener\">Temperature Maps for the Central Zone<\/a><\/strong>\u00a0(Mapas de Temperatura Zona Central)<\/li><li><strong><a href=\"http:\/\/www.meteochile.cl\/PortalDMC-web\/index.xhtml\" target=\"_blank\" rel=\"noopener\">Seasonal Agrometeorological Outlook<\/a><\/strong>\u00a0(Tendencia agrometeorol\u00f3gica)<\/li><li><strong><a href=\"https:\/\/climatologia.meteochile.gob.cl\/application\/diario\/mapaHeladas24Horas\" target=\"_blank\" rel=\"noopener\">Bulletin for cold hours for fruit growers<\/a><\/strong>\u00a0(Tendencia agrometeorol\u00f3gica)<\/li><li><strong><a href=\"http:\/\/www.meteochile.cl\/PortalDMC-web\/index.xhtml\" target=\"_blank\" rel=\"noopener\">Agroclimatic risk maps<\/a><\/strong>\u00a0(Tendencia agrometeorol\u00f3gica)<\/li><\/ul><p><strong>\u00a0<\/strong><\/p><p><strong>Various Agrometeorological Products<\/strong><\/p><p><b><a href=\"http:\/\/www.agroclima.cl\/\" target=\"_blank\" rel=\"noopener\">Agroclimatic System FDF-INIA-DMC web site<\/a><\/b><\/p><p>The\u00a0<strong><a href=\"http:\/\/www.agroclima.cl\/\" target=\"_blank\" rel=\"noopener\">Agroclimatic System FDF-INIA-DMC (Sistema Agroclim\u00e1tico FDF-INIA-DMC)<\/a><\/strong>\u00a0web site offers agro-climatic information for different regions throughout the country. This website also provides a regional summary information that allows to evaluate certain conditions for crop management and potential risks, according to the requirements of Good Agricultural Practice (GAP) and Integrated Pest Management (IPM).<\/p><p><strong>These products include:<\/strong><\/p><ul><li><strong><a href=\"http:\/\/www.agroclima.cl\/Informaciones.aspx\" target=\"_blank\" rel=\"noopener\">Monthly Newsletter based on regions<\/a><\/strong><\/li><\/ul><p><a href=\"https:\/\/archivos.meteochile.gob.cl\/portaldmc\/agrometeorologia\/docs\/Manual_Agrometeorologia_2022.pdf\"><strong>Agro-meteorological Manual<\/strong><\/a> includes agro-meteorological information generated by the Chilean Meteorological Service, through reports, bulletins and yearbooks, as well as access to data and dissemination of information.<\/p>\t\t\t\t\t\t<\/div>\n\t\t\t\t<\/div>\n\t\t\t\t\t<\/div>\n\t\t<\/div>\n\t\t\t\t\t<\/div>\n\t\t<\/section>\n\t\t\t\t<\/div>\n\t\t","protected":false},"excerpt":{"rendered":"<p>The following products or bulletins are provided by institutions or organizations in Chile The\u00a0Chilean Meteorological Service (Direcci\u00f3n Meteorol\u00f3gica de Chile)\u00a0produces weekly bulletins, forecasts, temperature maps, and seasonal agrometeorological outlooks. The\u00a0Agroclimatic System FDF-INIA-DMC (Sistema Agroclim\u00e1tico FDF-INIA-DMC)\u00a0offers agro-climatic, current, and cumulative weather conditions for its individual stations throughout the country. This website also provides a regional summary [&hellip;]<\/p>\n","protected":false},"author":1,"featured_media":0,"parent":0,"menu_order":0,"comment_status":"closed","ping_status":"closed","template":"","meta":{"_acf_changed":false,"footnotes":""},"class_list":["post-463","page","type-page","status-publish","hentry"],"acf":[],"yoast_head":"<!-- This site is optimized with the Yoast SEO plugin v23.3 - https:\/\/yoast.com\/wordpress\/plugins\/seo\/ -->\n<title>Chile - Wamis<\/title>\n<meta name=\"robots\" content=\"index, follow, max-snippet:-1, max-image-preview:large, max-video-preview:-1\" \/>\n<link rel=\"canonical\" href=\"https:\/\/wamis.org\/wamis\/chile\/\" \/>\n<meta property=\"og:locale\" content=\"en_US\" \/>\n<meta property=\"og:type\" content=\"article\" \/>\n<meta property=\"og:title\" content=\"Chile - Wamis\" \/>\n<meta property=\"og:description\" content=\"The following products or bulletins are provided by institutions or organizations in Chile The\u00a0Chilean Meteorological Service (Direcci\u00f3n Meteorol\u00f3gica de Chile)\u00a0produces weekly bulletins, forecasts, temperature maps, and seasonal agrometeorological outlooks. The\u00a0Agroclimatic System FDF-INIA-DMC (Sistema Agroclim\u00e1tico FDF-INIA-DMC)\u00a0offers agro-climatic, current, and cumulative weather conditions for its individual stations throughout the country. This website also provides a regional summary [&hellip;]\" \/>\n<meta property=\"og:url\" content=\"https:\/\/wamis.org\/wamis\/chile\/\" \/>\n<meta property=\"og:site_name\" content=\"Wamis\" \/>\n<meta property=\"article:modified_time\" content=\"2023-07-06T13:47:36+00:00\" \/>\n<meta name=\"twitter:card\" content=\"summary_large_image\" \/>\n<meta name=\"twitter:label1\" content=\"Est. reading time\" \/>\n\t<meta name=\"twitter:data1\" content=\"2 minutes\" \/>\n<script type=\"application\/ld+json\" class=\"yoast-schema-graph\">{\"@context\":\"https:\/\/schema.org\",\"@graph\":[{\"@type\":\"WebPage\",\"@id\":\"https:\/\/wamis.org\/wamis\/chile\/\",\"url\":\"https:\/\/wamis.org\/wamis\/chile\/\",\"name\":\"Chile - Wamis\",\"isPartOf\":{\"@id\":\"https:\/\/www.wamis.org\/#website\"},\"datePublished\":\"2023-03-13T12:05:07+00:00\",\"dateModified\":\"2023-07-06T13:47:36+00:00\",\"inLanguage\":\"en-US\",\"potentialAction\":[{\"@type\":\"ReadAction\",\"target\":[\"https:\/\/wamis.org\/wamis\/chile\/\"]}]},{\"@type\":\"WebSite\",\"@id\":\"https:\/\/www.wamis.org\/#website\",\"url\":\"https:\/\/www.wamis.org\/\",\"name\":\"Wamis\",\"description\":\"World AgroMeteorological Information Service\",\"publisher\":{\"@id\":\"https:\/\/www.wamis.org\/#organization\"},\"potentialAction\":[{\"@type\":\"SearchAction\",\"target\":{\"@type\":\"EntryPoint\",\"urlTemplate\":\"https:\/\/www.wamis.org\/?s={search_term_string}\"},\"query-input\":\"required name=search_term_string\"}],\"inLanguage\":\"en-US\"},{\"@type\":\"Organization\",\"@id\":\"https:\/\/www.wamis.org\/#organization\",\"name\":\"Wamis\",\"url\":\"https:\/\/www.wamis.org\/\",\"logo\":{\"@type\":\"ImageObject\",\"inLanguage\":\"en-US\",\"@id\":\"https:\/\/www.wamis.org\/#\/schema\/logo\/image\/\",\"url\":\"https:\/\/wamis.org\/wamis\/wp-content\/uploads\/2022\/08\/wamis_logo.gif\",\"contentUrl\":\"https:\/\/wamis.org\/wamis\/wp-content\/uploads\/2022\/08\/wamis_logo.gif\",\"width\":100,\"height\":100,\"caption\":\"Wamis\"},\"image\":{\"@id\":\"https:\/\/www.wamis.org\/#\/schema\/logo\/image\/\"}}]}<\/script>\n<!-- \/ Yoast SEO plugin. -->","yoast_head_json":{"title":"Chile - Wamis","robots":{"index":"index","follow":"follow","max-snippet":"max-snippet:-1","max-image-preview":"max-image-preview:large","max-video-preview":"max-video-preview:-1"},"canonical":"https:\/\/wamis.org\/wamis\/chile\/","og_locale":"en_US","og_type":"article","og_title":"Chile - Wamis","og_description":"The following products or bulletins are provided by institutions or organizations in Chile The\u00a0Chilean Meteorological Service (Direcci\u00f3n Meteorol\u00f3gica de Chile)\u00a0produces weekly bulletins, forecasts, temperature maps, and seasonal agrometeorological outlooks. The\u00a0Agroclimatic System FDF-INIA-DMC (Sistema Agroclim\u00e1tico FDF-INIA-DMC)\u00a0offers agro-climatic, current, and cumulative weather conditions for its individual stations throughout the country. This website also provides a regional summary [&hellip;]","og_url":"https:\/\/wamis.org\/wamis\/chile\/","og_site_name":"Wamis","article_modified_time":"2023-07-06T13:47:36+00:00","twitter_card":"summary_large_image","twitter_misc":{"Est. reading time":"2 minutes"},"schema":{"@context":"https:\/\/schema.org","@graph":[{"@type":"WebPage","@id":"https:\/\/wamis.org\/wamis\/chile\/","url":"https:\/\/wamis.org\/wamis\/chile\/","name":"Chile - Wamis","isPartOf":{"@id":"https:\/\/www.wamis.org\/#website"},"datePublished":"2023-03-13T12:05:07+00:00","dateModified":"2023-07-06T13:47:36+00:00","inLanguage":"en-US","potentialAction":[{"@type":"ReadAction","target":["https:\/\/wamis.org\/wamis\/chile\/"]}]},{"@type":"WebSite","@id":"https:\/\/www.wamis.org\/#website","url":"https:\/\/www.wamis.org\/","name":"Wamis","description":"World AgroMeteorological Information Service","publisher":{"@id":"https:\/\/www.wamis.org\/#organization"},"potentialAction":[{"@type":"SearchAction","target":{"@type":"EntryPoint","urlTemplate":"https:\/\/www.wamis.org\/?s={search_term_string}"},"query-input":"required name=search_term_string"}],"inLanguage":"en-US"},{"@type":"Organization","@id":"https:\/\/www.wamis.org\/#organization","name":"Wamis","url":"https:\/\/www.wamis.org\/","logo":{"@type":"ImageObject","inLanguage":"en-US","@id":"https:\/\/www.wamis.org\/#\/schema\/logo\/image\/","url":"https:\/\/wamis.org\/wamis\/wp-content\/uploads\/2022\/08\/wamis_logo.gif","contentUrl":"https:\/\/wamis.org\/wamis\/wp-content\/uploads\/2022\/08\/wamis_logo.gif","width":100,"height":100,"caption":"Wamis"},"image":{"@id":"https:\/\/www.wamis.org\/#\/schema\/logo\/image\/"}}]}},"_links":{"self":[{"href":"https:\/\/wamis.org\/wamis\/wp-json\/wp\/v2\/pages\/463","targetHints":{"allow":["GET"]}}],"collection":[{"href":"https:\/\/wamis.org\/wamis\/wp-json\/wp\/v2\/pages"}],"about":[{"href":"https:\/\/wamis.org\/wamis\/wp-json\/wp\/v2\/types\/page"}],"author":[{"embeddable":true,"href":"https:\/\/wamis.org\/wamis\/wp-json\/wp\/v2\/users\/1"}],"replies":[{"embeddable":true,"href":"https:\/\/wamis.org\/wamis\/wp-json\/wp\/v2\/comments?post=463"}],"version-history":[{"count":10,"href":"https:\/\/wamis.org\/wamis\/wp-json\/wp\/v2\/pages\/463\/revisions"}],"predecessor-version":[{"id":13651,"href":"https:\/\/wamis.org\/wamis\/wp-json\/wp\/v2\/pages\/463\/revisions\/13651"}],"wp:attachment":[{"href":"https:\/\/wamis.org\/wamis\/wp-json\/wp\/v2\/media?parent=463"}],"curies":[{"name":"wp","href":"https:\/\/api.w.org\/{rel}","templated":true}]}}