{"id":102,"date":"2022-08-17T15:43:48","date_gmt":"2022-08-17T13:43:48","guid":{"rendered":"https:\/\/www.wamis.org\/wamis\/?page_id=102"},"modified":"2023-07-18T11:48:22","modified_gmt":"2023-07-18T09:48:22","slug":"argentina","status":"publish","type":"page","link":"https:\/\/wamis.org\/wamis\/argentina\/","title":{"rendered":"Argentina"},"content":{"rendered":"\t\t<div data-elementor-type=\"wp-page\" data-elementor-id=\"102\" class=\"elementor elementor-102\" data-elementor-post-type=\"page\">\n\t\t\t\t\t\t<section class=\"elementor-section elementor-top-section elementor-element elementor-element-3c59c168 elementor-section-boxed elementor-section-height-default elementor-section-height-default\" data-id=\"3c59c168\" data-element_type=\"section\">\n\t\t\t\t\t\t<div class=\"elementor-container elementor-column-gap-default\">\n\t\t\t\t\t<div class=\"elementor-column elementor-col-100 elementor-top-column elementor-element elementor-element-13a9730\" data-id=\"13a9730\" data-element_type=\"column\">\n\t\t\t<div class=\"elementor-widget-wrap elementor-element-populated\">\n\t\t\t\t\t\t<div class=\"elementor-element elementor-element-4678d8bd elementor-widget elementor-widget-text-editor\" data-id=\"4678d8bd\" data-element_type=\"widget\" data-widget_type=\"text-editor.default\">\n\t\t\t\t<div class=\"elementor-widget-container\">\n\t\t\t<style>\/*! elementor - v3.23.0 - 05-08-2024 *\/\n.elementor-widget-text-editor.elementor-drop-cap-view-stacked .elementor-drop-cap{background-color:#69727d;color:#fff}.elementor-widget-text-editor.elementor-drop-cap-view-framed .elementor-drop-cap{color:#69727d;border:3px solid;background-color:transparent}.elementor-widget-text-editor:not(.elementor-drop-cap-view-default) .elementor-drop-cap{margin-top:8px}.elementor-widget-text-editor:not(.elementor-drop-cap-view-default) .elementor-drop-cap-letter{width:1em;height:1em}.elementor-widget-text-editor .elementor-drop-cap{float:left;text-align:center;line-height:1;font-size:50px}.elementor-widget-text-editor .elementor-drop-cap-letter{display:inline-block}<\/style>\t\t\t\t<p><a href=\"https:\/\/www.smn.gob.ar\/informes-climaticos\"><strong>Decadal and Monthly Agrometeorological Bulletins<\/strong><\/a><\/p><p>The\u00a0<strong><a href=\"http:\/\/www.smn.gov.ar\/serviciosclimaticos\/?mod=agro&amp;id=1\" target=\"_blank\" rel=\"noopener\">Argentine National Meteorological Service (Servicio Meteorologico Nacional &#8211; SMN)\u00a0 <\/a><\/strong>provides <strong><a href=\"https:\/\/www.smn.gob.ar\/monitoreo_periodos\">agrometorological monitoring<\/a><\/strong> and several agrometeorological bulletins and other products on their website.<\/p><p><strong>These products include:<\/strong><\/p><ul><li><strong><a href=\"https:\/\/www.smn.gob.ar\/monitoreo_periodos\" target=\"_blank\" rel=\"noopener\">Decadal Agromet Bulletin<\/a>\u00a0<\/strong>(Bolet\u00edn Agrometeorol\u00f3gico Dec\u00e1dico)<\/li><li><strong><a href=\"https:\/\/www.smn.gob.ar\/monitoreo_periodos\" target=\"_blank\" rel=\"noopener\">Monthly Agromet Bulletin and Archive (since 2004)<\/a><\/strong> (Boletin Agroclimatologico y Archivo desde 2004)<\/li><li><strong><a href=\"https:\/\/www.smn.gob.ar\/monitoreo_periodos\" target=\"_blank\" rel=\"noopener\">Decadal Precipitation and Anomalies<\/a><\/strong>\u00a0(Precipitaci\u00f3n y Anomal\u00eda Dec\u00e1dica)<\/li><li><strong><a href=\"https:\/\/www.smn.gob.ar\/monitoreo_estados\" target=\"_blank\" rel=\"noopener\">Water Balance<\/a><\/strong>\u00a0(Balance H\u00eddrico)<\/li><li><strong><a href=\"https:\/\/www.smn.gob.ar\/monitoreo_estados\" target=\"_blank\" rel=\"noopener\">Soil Moisture in Pampas<\/a><\/strong>\u00a0(Estado de humedad del suelo en la Pampa H\u00fameda)<\/li><li><strong><a href=\"https:\/\/www.smn.gob.ar\/monitoreo_estados\" target=\"_blank\" rel=\"noopener\">Soil Moisture in Northeast Argentina<\/a><\/strong>\u00a0(Estado de humedad del suelo en el Noreste Argentino)<\/li><li><strong><a href=\"https:\/\/www.smn.gob.ar\/monitoreo_estados\" target=\"_blank\" rel=\"noopener\">Condition of the Main Crops<\/a><\/strong><a>\u00a0(Estado de los Principales Cultivos en la Pradera Pampeana)<\/a><\/li><li><strong><a href=\"https:\/\/www.smn.gob.ar\/monitoreo_periodos\" target=\"_blank\" rel=\"noopener\">NDVI and EVI indices<\/a><\/strong><\/li><li><a href=\"https:\/\/www.smn.gob.ar\/monitoreo_estados\" target=\"_blank\" rel=\"noopener\"><strong>Maps for the principal agrometeorological variables<\/strong><\/a><\/li><li><a href=\"https:\/\/www.smn.gob.ar\/monitoreo_estados\" target=\"_blank\" rel=\"noopener\"><strong>Monitoring for places<\/strong><\/a><\/li><li><a href=\"http:\/\/www.hidro.gov.ar\/oceanografia\/Tmareas\/Form_Tcorrientes.asp\" target=\"_blank\" rel=\"noopener\"><strong>Information for fishery<\/strong><\/a><\/li><li><a href=\"https:\/\/www.smn.gob.ar\/monitoreo_estados\" target=\"_blank\" rel=\"noopener\"><strong>Volcanic ashes<\/strong><\/a><\/li><\/ul>\t\t\t\t\t\t<\/div>\n\t\t\t\t<\/div>\n\t\t\t\t\t<\/div>\n\t\t<\/div>\n\t\t\t\t\t<\/div>\n\t\t<\/section>\n\t\t\t\t<section class=\"elementor-section elementor-top-section elementor-element elementor-element-72f33d9 elementor-section-boxed elementor-section-height-default elementor-section-height-default\" data-id=\"72f33d9\" data-element_type=\"section\">\n\t\t\t\t\t\t<div class=\"elementor-container elementor-column-gap-default\">\n\t\t\t\t\t<div class=\"elementor-column elementor-col-100 elementor-top-column elementor-element elementor-element-dd56090\" data-id=\"dd56090\" data-element_type=\"column\">\n\t\t\t<div class=\"elementor-widget-wrap elementor-element-populated\">\n\t\t\t\t\t\t<div class=\"elementor-element elementor-element-f059d4b elementor-widget elementor-widget-text-editor\" data-id=\"f059d4b\" data-element_type=\"widget\" data-widget_type=\"text-editor.default\">\n\t\t\t\t<div class=\"elementor-widget-container\">\n\t\t\t\t\t\t\t<p><strong>Monthly Agromet Bulletins<\/strong><\/p>\t\t\t\t\t\t<\/div>\n\t\t\t\t<\/div>\n\t\t\t\t<div class=\"elementor-element elementor-element-a4ea5f1 elementor-grid-1 elementor-posts--thumbnail-top elementor-grid-tablet-2 elementor-grid-mobile-1 elementor-widget elementor-widget-posts\" data-id=\"a4ea5f1\" data-element_type=\"widget\" data-settings=\"{&quot;custom_columns&quot;:&quot;1&quot;,&quot;custom_columns_tablet&quot;:&quot;2&quot;,&quot;custom_columns_mobile&quot;:&quot;1&quot;,&quot;custom_row_gap&quot;:{&quot;unit&quot;:&quot;px&quot;,&quot;size&quot;:35,&quot;sizes&quot;:[]},&quot;custom_row_gap_tablet&quot;:{&quot;unit&quot;:&quot;px&quot;,&quot;size&quot;:&quot;&quot;,&quot;sizes&quot;:[]},&quot;custom_row_gap_mobile&quot;:{&quot;unit&quot;:&quot;px&quot;,&quot;size&quot;:&quot;&quot;,&quot;sizes&quot;:[]}}\" data-widget_type=\"posts.custom\">\n\t\t\t\t<div class=\"elementor-widget-container\">\n\t\t\t<link rel=\"stylesheet\" href=\"https:\/\/wamis.org\/wamis\/wp-content\/plugins\/elementor-pro\/assets\/css\/widget-posts.min.css?ver=1724247111\">      <div class=\"ecs-posts elementor-posts-container elementor-posts   elementor-grid elementor-posts--skin-custom\" data-settings=\"{&quot;current_page&quot;:1,&quot;max_num_pages&quot;:1,&quot;load_method&quot;:&quot;lazyload&quot;,&quot;widget_id&quot;:&quot;a4ea5f1&quot;,&quot;post_id&quot;:102,&quot;theme_id&quot;:102,&quot;change_url&quot;:false,&quot;reinit_js&quot;:false}\">\n      \t\t<article id=\"post-13701\" class=\"elementor-post elementor-grid-item ecs-post-loop post-13701 bulletin type-bulletin status-publish hentry category-argentina\">\n\t\t\t\t<div data-elementor-type=\"loop\" data-elementor-id=\"159\" class=\"elementor elementor-159 post-13701 bulletin type-bulletin status-publish hentry category-argentina\" data-elementor-post-type=\"elementor_library\">\n\t\t\t<div class=\"elementor-element elementor-element-612430c e-flex e-con-boxed e-con e-parent\" data-id=\"612430c\" data-element_type=\"container\">\n\t\t\t\t\t<div class=\"e-con-inner\">\n\t\t<div class=\"elementor-element elementor-element-9c0b6f2 e-con-full e-flex e-con e-child\" data-id=\"9c0b6f2\" data-element_type=\"container\">\n\t\t\t\t<div class=\"elementor-element elementor-element-2060962 dc-has-condition dc-condition-empty elementor-icon-list--layout-traditional elementor-list-item-link-full_width elementor-widget elementor-widget-icon-list\" data-id=\"2060962\" data-element_type=\"widget\" data-widget_type=\"icon-list.default\">\n\t\t\t\t<div class=\"elementor-widget-container\">\n\t\t\t<link rel=\"stylesheet\" href=\"https:\/\/wamis.org\/wamis\/wp-content\/plugins\/elementor\/assets\/css\/widget-icon-list.min.css\">\t\t<ul class=\"elementor-icon-list-items\">\n\t\t\t\t\t\t\t<li class=\"elementor-icon-list-item\">\n\t\t\t\t\t\t\t\t\t\t\t<a href=\"https:\/\/wamis.org\/wamis\/wp-content\/uploads\/2023\/07\/argentina20233.pdf\" target=\"_blank\">\n\n\t\t\t\t\t\t\t\t\t\t\t\t<span class=\"elementor-icon-list-icon\">\n\t\t\t\t\t\t\t<i aria-hidden=\"true\" class=\"fas fa-file-download\"><\/i>\t\t\t\t\t\t<\/span>\n\t\t\t\t\t\t\t\t\t\t<span class=\"elementor-icon-list-text\">Mar 2023<\/span>\n\t\t\t\t\t\t\t\t\t\t\t<\/a>\n\t\t\t\t\t\t\t\t\t<\/li>\n\t\t\t\t\t\t<\/ul>\n\t\t\t\t<\/div>\n\t\t\t\t<\/div>\n\t\t<!-- hidden widget 13701-be282e7 -->\t\t<\/div>\n\t\t\t\t\t<\/div>\n\t\t\t\t<\/div>\n\t\t\t\t<\/div>\n\t\t\t\t<\/article>\n\t\t\t\t<article id=\"post-13119\" class=\"elementor-post elementor-grid-item ecs-post-loop post-13119 bulletin type-bulletin status-publish hentry category-argentina\">\n\t\t\t\t<div data-elementor-type=\"loop\" data-elementor-id=\"159\" class=\"elementor elementor-159 post-13119 bulletin type-bulletin status-publish hentry category-argentina\" data-elementor-post-type=\"elementor_library\">\n\t\t\t<div class=\"elementor-element elementor-element-612430c e-flex e-con-boxed e-con e-parent\" data-id=\"612430c\" data-element_type=\"container\">\n\t\t\t\t\t<div class=\"e-con-inner\">\n\t\t<div class=\"elementor-element elementor-element-9c0b6f2 e-con-full e-flex e-con e-child\" data-id=\"9c0b6f2\" data-element_type=\"container\">\n\t\t\t\t<div class=\"elementor-element elementor-element-2060962 dc-has-condition dc-condition-empty elementor-icon-list--layout-traditional elementor-list-item-link-full_width elementor-widget elementor-widget-icon-list\" data-id=\"2060962\" data-element_type=\"widget\" data-widget_type=\"icon-list.default\">\n\t\t\t\t<div class=\"elementor-widget-container\">\n\t\t\t\t\t<ul class=\"elementor-icon-list-items\">\n\t\t\t\t\t\t\t<li class=\"elementor-icon-list-item\">\n\t\t\t\t\t\t\t\t\t\t\t<a href=\"https:\/\/wamis.org\/wamis\/wp-content\/uploads\/2023\/06\/argentina20232.pdf\" target=\"_blank\">\n\n\t\t\t\t\t\t\t\t\t\t\t\t<span class=\"elementor-icon-list-icon\">\n\t\t\t\t\t\t\t<i aria-hidden=\"true\" class=\"fas fa-file-download\"><\/i>\t\t\t\t\t\t<\/span>\n\t\t\t\t\t\t\t\t\t\t<span class=\"elementor-icon-list-text\">Feb 2023<\/span>\n\t\t\t\t\t\t\t\t\t\t\t<\/a>\n\t\t\t\t\t\t\t\t\t<\/li>\n\t\t\t\t\t\t<\/ul>\n\t\t\t\t<\/div>\n\t\t\t\t<\/div>\n\t\t<!-- hidden widget 13119-be282e7 -->\t\t<\/div>\n\t\t\t\t\t<\/div>\n\t\t\t\t<\/div>\n\t\t\t\t<\/div>\n\t\t\t\t<\/article>\n\t\t\t\t<\/div>\n\t\t\t\t<\/div>\n\t\t\t\t<\/div>\n\t\t\t\t\t<\/div>\n\t\t<\/div>\n\t\t\t\t\t<\/div>\n\t\t<\/section>\n\t\t\t\t<\/div>\n\t\t","protected":false},"excerpt":{"rendered":"<p>Decadal and Monthly Agrometeorological Bulletins The\u00a0Argentine National Meteorological Service (Servicio Meteorologico Nacional &#8211; SMN)\u00a0 provides agrometorological monitoring and several agrometeorological bulletins and other products on their website. These products include: Decadal Agromet Bulletin\u00a0(Bolet\u00edn Agrometeorol\u00f3gico Dec\u00e1dico) Monthly Agromet Bulletin and Archive (since 2004) (Boletin Agroclimatologico y Archivo desde 2004) Decadal Precipitation and Anomalies\u00a0(Precipitaci\u00f3n y Anomal\u00eda Dec\u00e1dica) [&hellip;]<\/p>\n","protected":false},"author":1,"featured_media":0,"parent":0,"menu_order":0,"comment_status":"closed","ping_status":"closed","template":"","meta":{"_acf_changed":false,"footnotes":""},"class_list":["post-102","page","type-page","status-publish","hentry"],"acf":[],"yoast_head":"<!-- This site is optimized with the Yoast SEO plugin v23.3 - https:\/\/yoast.com\/wordpress\/plugins\/seo\/ -->\n<title>Argentina - Wamis<\/title>\n<meta name=\"robots\" content=\"index, follow, max-snippet:-1, max-image-preview:large, max-video-preview:-1\" \/>\n<link rel=\"canonical\" href=\"https:\/\/wamis.org\/wamis\/argentina\/\" \/>\n<meta property=\"og:locale\" content=\"en_US\" \/>\n<meta property=\"og:type\" content=\"article\" \/>\n<meta property=\"og:title\" content=\"Argentina - Wamis\" \/>\n<meta property=\"og:description\" content=\"Decadal and Monthly Agrometeorological Bulletins The\u00a0Argentine National Meteorological Service (Servicio Meteorologico Nacional &#8211; SMN)\u00a0 provides agrometorological monitoring and several agrometeorological bulletins and other products on their website. These products include: Decadal Agromet Bulletin\u00a0(Bolet\u00edn Agrometeorol\u00f3gico Dec\u00e1dico) Monthly Agromet Bulletin and Archive (since 2004) (Boletin Agroclimatologico y Archivo desde 2004) Decadal Precipitation and Anomalies\u00a0(Precipitaci\u00f3n y Anomal\u00eda Dec\u00e1dica) [&hellip;]\" \/>\n<meta property=\"og:url\" content=\"https:\/\/wamis.org\/wamis\/argentina\/\" \/>\n<meta property=\"og:site_name\" content=\"Wamis\" \/>\n<meta property=\"article:modified_time\" content=\"2023-07-18T09:48:22+00:00\" \/>\n<meta name=\"twitter:card\" content=\"summary_large_image\" \/>\n<meta name=\"twitter:label1\" content=\"Est. reading time\" \/>\n\t<meta name=\"twitter:data1\" content=\"1 minute\" \/>\n<script type=\"application\/ld+json\" class=\"yoast-schema-graph\">{\"@context\":\"https:\/\/schema.org\",\"@graph\":[{\"@type\":\"WebPage\",\"@id\":\"https:\/\/wamis.org\/wamis\/argentina\/\",\"url\":\"https:\/\/wamis.org\/wamis\/argentina\/\",\"name\":\"Argentina - Wamis\",\"isPartOf\":{\"@id\":\"https:\/\/www.wamis.org\/#website\"},\"datePublished\":\"2022-08-17T13:43:48+00:00\",\"dateModified\":\"2023-07-18T09:48:22+00:00\",\"inLanguage\":\"en-US\",\"potentialAction\":[{\"@type\":\"ReadAction\",\"target\":[\"https:\/\/wamis.org\/wamis\/argentina\/\"]}]},{\"@type\":\"WebSite\",\"@id\":\"https:\/\/www.wamis.org\/#website\",\"url\":\"https:\/\/www.wamis.org\/\",\"name\":\"Wamis\",\"description\":\"World AgroMeteorological Information Service\",\"publisher\":{\"@id\":\"https:\/\/www.wamis.org\/#organization\"},\"potentialAction\":[{\"@type\":\"SearchAction\",\"target\":{\"@type\":\"EntryPoint\",\"urlTemplate\":\"https:\/\/www.wamis.org\/?s={search_term_string}\"},\"query-input\":\"required name=search_term_string\"}],\"inLanguage\":\"en-US\"},{\"@type\":\"Organization\",\"@id\":\"https:\/\/www.wamis.org\/#organization\",\"name\":\"Wamis\",\"url\":\"https:\/\/www.wamis.org\/\",\"logo\":{\"@type\":\"ImageObject\",\"inLanguage\":\"en-US\",\"@id\":\"https:\/\/www.wamis.org\/#\/schema\/logo\/image\/\",\"url\":\"https:\/\/wamis.org\/wamis\/wp-content\/uploads\/2022\/08\/wamis_logo.gif\",\"contentUrl\":\"https:\/\/wamis.org\/wamis\/wp-content\/uploads\/2022\/08\/wamis_logo.gif\",\"width\":100,\"height\":100,\"caption\":\"Wamis\"},\"image\":{\"@id\":\"https:\/\/www.wamis.org\/#\/schema\/logo\/image\/\"}}]}<\/script>\n<!-- \/ Yoast SEO plugin. -->","yoast_head_json":{"title":"Argentina - Wamis","robots":{"index":"index","follow":"follow","max-snippet":"max-snippet:-1","max-image-preview":"max-image-preview:large","max-video-preview":"max-video-preview:-1"},"canonical":"https:\/\/wamis.org\/wamis\/argentina\/","og_locale":"en_US","og_type":"article","og_title":"Argentina - Wamis","og_description":"Decadal and Monthly Agrometeorological Bulletins The\u00a0Argentine National Meteorological Service (Servicio Meteorologico Nacional &#8211; SMN)\u00a0 provides agrometorological monitoring and several agrometeorological bulletins and other products on their website. These products include: Decadal Agromet Bulletin\u00a0(Bolet\u00edn Agrometeorol\u00f3gico Dec\u00e1dico) Monthly Agromet Bulletin and Archive (since 2004) (Boletin Agroclimatologico y Archivo desde 2004) Decadal Precipitation and Anomalies\u00a0(Precipitaci\u00f3n y Anomal\u00eda Dec\u00e1dica) [&hellip;]","og_url":"https:\/\/wamis.org\/wamis\/argentina\/","og_site_name":"Wamis","article_modified_time":"2023-07-18T09:48:22+00:00","twitter_card":"summary_large_image","twitter_misc":{"Est. reading time":"1 minute"},"schema":{"@context":"https:\/\/schema.org","@graph":[{"@type":"WebPage","@id":"https:\/\/wamis.org\/wamis\/argentina\/","url":"https:\/\/wamis.org\/wamis\/argentina\/","name":"Argentina - Wamis","isPartOf":{"@id":"https:\/\/www.wamis.org\/#website"},"datePublished":"2022-08-17T13:43:48+00:00","dateModified":"2023-07-18T09:48:22+00:00","inLanguage":"en-US","potentialAction":[{"@type":"ReadAction","target":["https:\/\/wamis.org\/wamis\/argentina\/"]}]},{"@type":"WebSite","@id":"https:\/\/www.wamis.org\/#website","url":"https:\/\/www.wamis.org\/","name":"Wamis","description":"World AgroMeteorological Information Service","publisher":{"@id":"https:\/\/www.wamis.org\/#organization"},"potentialAction":[{"@type":"SearchAction","target":{"@type":"EntryPoint","urlTemplate":"https:\/\/www.wamis.org\/?s={search_term_string}"},"query-input":"required name=search_term_string"}],"inLanguage":"en-US"},{"@type":"Organization","@id":"https:\/\/www.wamis.org\/#organization","name":"Wamis","url":"https:\/\/www.wamis.org\/","logo":{"@type":"ImageObject","inLanguage":"en-US","@id":"https:\/\/www.wamis.org\/#\/schema\/logo\/image\/","url":"https:\/\/wamis.org\/wamis\/wp-content\/uploads\/2022\/08\/wamis_logo.gif","contentUrl":"https:\/\/wamis.org\/wamis\/wp-content\/uploads\/2022\/08\/wamis_logo.gif","width":100,"height":100,"caption":"Wamis"},"image":{"@id":"https:\/\/www.wamis.org\/#\/schema\/logo\/image\/"}}]}},"_links":{"self":[{"href":"https:\/\/wamis.org\/wamis\/wp-json\/wp\/v2\/pages\/102","targetHints":{"allow":["GET"]}}],"collection":[{"href":"https:\/\/wamis.org\/wamis\/wp-json\/wp\/v2\/pages"}],"about":[{"href":"https:\/\/wamis.org\/wamis\/wp-json\/wp\/v2\/types\/page"}],"author":[{"embeddable":true,"href":"https:\/\/wamis.org\/wamis\/wp-json\/wp\/v2\/users\/1"}],"replies":[{"embeddable":true,"href":"https:\/\/wamis.org\/wamis\/wp-json\/wp\/v2\/comments?post=102"}],"version-history":[{"count":21,"href":"https:\/\/wamis.org\/wamis\/wp-json\/wp\/v2\/pages\/102\/revisions"}],"predecessor-version":[{"id":13685,"href":"https:\/\/wamis.org\/wamis\/wp-json\/wp\/v2\/pages\/102\/revisions\/13685"}],"wp:attachment":[{"href":"https:\/\/wamis.org\/wamis\/wp-json\/wp\/v2\/media?parent=102"}],"curies":[{"name":"wp","href":"https:\/\/api.w.org\/{rel}","templated":true}]}}